{"id":2181,"date":"2022-06-26T12:36:58","date_gmt":"2022-06-26T12:36:58","guid":{"rendered":"https:\/\/akadvisors.cz\/?page_id=2181"},"modified":"2022-06-26T13:20:09","modified_gmt":"2022-06-26T13:20:09","slug":"healthinsurance","status":"publish","type":"page","link":"https:\/\/akadvisors.cz\/vi\/healthinsurance\/","title":{"rendered":"Health insurance"},"content":{"rendered":"<div data-elementor-type=\"wp-page\" data-elementor-id=\"2181\" class=\"elementor elementor-2181\" data-elementor-post-type=\"page\">\n\t\t\t\t\t\t\t\t\t<section class=\"elementor-section elementor-top-section elementor-element elementor-element-b03bb40 elementor-section-boxed elementor-section-height-default elementor-section-height-default\" data-id=\"b03bb40\" data-element_type=\"section\">\n\t\t\t\t\t\t<div class=\"elementor-container elementor-column-gap-default\">\n\t\t\t\t\t<div class=\"elementor-column elementor-col-100 elementor-top-column elementor-element elementor-element-3c6805a\" data-id=\"3c6805a\" data-element_type=\"column\">\n\t\t\t<div class=\"elementor-widget-wrap elementor-element-populated\">\n\t\t\t\t\t\t\t\t<div class=\"elementor-element elementor-element-bcb5824 elementor-widget elementor-widget-text-editor\" data-id=\"bcb5824\" data-element_type=\"widget\" data-widget_type=\"text-editor.default\">\n\t\t\t\t<div class=\"elementor-widget-container\">\n\t\t\t\t\t\t\t<h4>Do<strong> you need to get health insurance as an ex-pat in the Czech Republic?\u00a0<\/strong><\/h4><p><b>Czech law requires anyone staying in the country to have health insurance, but not everyone qualifies to receive coverage from the state.<\/b><\/p><p><b>From August 2021, foreigners with long-term residence are required to buy a health insurance\u00a0<\/b><strong><span style=\"color: var( --e-global-color-text ); font-family: 'Open Sans REgular', Arial, sans-serif;\">contract with the commercial branch of V\u0161eobecn\u00e1 zdravotn\u00ed poji\u0161\u0165ovna (VZP), officially known as\u00a0<\/span><a style=\"font-weight: var( --e-global-typography-text-font-weight ); box-sizing: inherit; background-color: #ffffff; color: #255c97; font-family: 'Open Sans REgular', Arial, sans-serif; cursor: pointer;\" href=\"https:\/\/bit.ly\/2WtqlNM\" target=\"_blank\" rel=\"noopener\">Poji\u0161\u0165ovna VZP (PZVP)<\/a><span style=\"color: var( --e-global-color-text ); font-family: 'Open Sans REgular', Arial, sans-serif;\">, for five years.<\/span><\/strong><\/p><p><strong><span style=\"color: var( --e-global-color-text ); font-family: 'Open Sans REgular', Arial, sans-serif;\">\u00a0<\/span><\/strong><\/p><h3><span style=\"box-sizing: inherit; font-weight: bold; font-family: 'Open Sans REgular', Arial, sans-serif; font-style: inherit;\">What is commercial health insurance?<\/span><strong><span style=\"color: var( --e-global-color-text ); font-family: 'Open Sans REgular', Arial, sans-serif;\"><br \/><\/span><\/strong><\/h3><div><span style=\"box-sizing: inherit; font-weight: bold; font-family: 'Open Sans REgular', Arial, sans-serif; font-style: inherit;\"><span style=\"font-weight: 400;\">Commercial health insurance is a private contract between the insured person (the ex-pat) and the insurance company. It is available to foreigners staying in the Czech Republic (or those applying for residence) who are not included in the public health insurance system.<\/span><br \/><\/span><\/div><div><span style=\"box-sizing: inherit; font-weight: bold; font-family: 'Open Sans REgular', Arial, sans-serif; font-style: inherit;\"><span style=\"font-weight: 400;\">\u00a0<\/span><\/span><\/div><h3><span style=\"box-sizing: inherit; font-weight: bold; font-family: 'Open Sans REgular', Arial, sans-serif; font-style: inherit;\"><span style=\"box-sizing: inherit; font-style: inherit;\">Who qualifies for commercial health insurance coverage?<\/span><span style=\"font-weight: 400;\"><br \/><\/span><\/span><\/h3><div><span style=\"box-sizing: inherit; font-weight: bold; font-family: 'Open Sans REgular', Arial, sans-serif; font-style: inherit;\"><span style=\"box-sizing: inherit; font-style: inherit;\"><span style=\"font-weight: 400;\">Ex-pats staying in the Czech Republic based on a long-term visa or a long-term residence permit with the purpose of business are not included in the public health insurance system and must buy commercial comprehensive\u00a0 health insurance from PVZP.\u00a0<\/span><br \/><\/span><\/span><\/div><div><span style=\"box-sizing: inherit; font-weight: bold; font-family: 'Open Sans REgular', Arial, sans-serif; font-style: inherit;\"><span style=\"box-sizing: inherit; font-style: inherit;\">\u00a0<\/span><\/span><\/div><div><p style=\"box-sizing: inherit; font-size: 16px; font-style: normal; font-weight: 400; line-height: 31px;\"><span style=\"box-sizing: inherit; font-weight: bold;\">That includes:<\/span><\/p><ul style=\"box-sizing: inherit; margin-bottom: 0px; margin-left: 0px; padding-top: 0px; padding-right: 0px; padding-bottom: 0px; list-style-type: none; font-weight: 400; font-family: 'Times New Roman';\"><li style=\"box-sizing: inherit; padding: 0px; margin: 0px; list-style: none; line-height: 31px; font-family: 'Open Sans REgular', Arial, sans-serif; display: flex; align-items: baseline;\">Ex-pats with resident permit or long-term visa (for business, study, family reunification).\u00a0<\/li><li style=\"box-sizing: inherit; padding: 0px; margin: 0px; list-style: none; line-height: 31px; font-family: 'Open Sans REgular', Arial, sans-serif; display: flex; align-items: baseline;\">Ex-pats who are self-employed in the Czech Republic.\u00a0<\/li><li style=\"box-sizing: inherit; padding: 0px; margin: 0px; list-style: none; line-height: 31px; font-family: 'Open Sans REgular', Arial, sans-serif; display: flex; align-items: baseline;\">Third-country nationals living in the Czech Republic three months or longer.\u00a0<\/li><\/ul><div><span style=\"font-family: Open Sans REgular, Arial, sans-serif;\">\u00a0<\/span><\/div><h3><strong><span style=\"font-family: Open Sans REgular, Arial, sans-serif;\">Why clients choose us? We have discounts for you!<\/span><\/strong><\/h3><div><strong><span style=\"font-family: Open Sans REgular, Arial, sans-serif;\">Prices for this type of\u00a0 insurance depend on a number of factors\u00a0<\/span><\/strong><span style=\"color: var( --e-global-color-text ); font-weight: var( --e-global-typography-text-font-weight ); font-family: Raleway;\">(age, limit of indemnity and the duration of the policy).<\/span><\/div><div><span style=\"color: var( --e-global-color-text ); font-weight: var( --e-global-typography-text-font-weight ); font-family: Raleway;\">\u00a0<\/span><\/div><h4><strong><span style=\"color: var( --e-global-color-text ); font-family: Raleway;\">We have prepared discounts for our ex-pat clients!\u00a0<\/span><\/strong><\/h4><div><strong><span style=\"color: var( --e-global-color-text ); font-family: Raleway;\">Payments:\u00a0<\/span><\/strong><span style=\"font-family: Raleway; color: var( --e-global-color-text ); font-weight: var( --e-global-typography-text-font-weight );\">Health insurance is paid upfront for the whole period. The account number for payment is sent to you once you choose the type of insurance with us.\u00a0\u00a0<\/span><\/div><div><span style=\"font-family: Raleway; color: var( --e-global-color-text ); font-weight: var( --e-global-typography-text-font-weight );\">\u00a0<\/span><\/div><h1><span style=\"box-sizing: inherit; font-weight: bold; font-family: Raleway;\">Three types of insurance:<\/span><span style=\"font-family: Raleway;\">\u00a0<\/span><span style=\"font-family: Raleway; color: var( --e-global-color-text ); font-weight: var( --e-global-typography-text-font-weight );\"><br \/><\/span><\/h1><div><h3 style=\"box-sizing: inherit; margin-bottom: 10px; font-style: normal; line-height: 1.2; font-family: Ubuntu, sans-serif; text-align: center;\">Basic health insurance for foreigners<\/h3><ul style=\"box-sizing: inherit; margin-bottom: 28px; margin-left: 18px; padding-top: 20px; padding-right: 0px; padding-bottom: 0px; list-style-position: outside; list-style-type: none; line-height: 1; text-align: justify; font-family: Ubuntu, sans-serif;\"><li style=\"box-sizing: inherit; padding: 0px; margin: 0px; list-style-type: disc; line-height: 2; text-align: justify;\">stay in the Czech Republic for a maximum of 90 days<\/li><li style=\"box-sizing: inherit; padding: 0px; margin: 0px; list-style-type: disc; line-height: 2; text-align: justify;\">urgent care and hospitalization<\/li><li style=\"box-sizing: inherit; padding: 0px; margin: 0px; list-style-type: disc; line-height: 2; text-align: justify;\">treatment in all medical facilities<\/li><li style=\"box-sizing: inherit; padding: 0px; margin: 0px; list-style-type: disc; line-height: 2; text-align: justify;\">acute dental treatment<\/li><\/ul><div style=\"text-align: justify;\"><h3 style=\"box-sizing: inherit; margin-bottom: 10px; font-style: normal; line-height: 1.2; font-family: Ubuntu, sans-serif; text-align: center;\">Comprehensive health insurance for foreigners Plus<\/h3><ul style=\"box-sizing: inherit; margin-bottom: 28px; margin-left: 18px; padding-top: 20px; padding-right: 0px; padding-bottom: 0px; list-style-position: outside; list-style-type: none; text-align: start; line-height: 1; font-family: Ubuntu, sans-serif;\"><li style=\"box-sizing: inherit; padding: 0px; margin: 0px; list-style-type: disc; line-height: 2; text-align: justify;\">stay in the Czech Republic for a period exceeding 90 days<\/li><li style=\"box-sizing: inherit; padding: 0px; margin: 0px; list-style-type: disc; line-height: 2; text-align: justify;\">all care in connection with illness and injury<\/li><li style=\"box-sizing: inherit; padding: 0px; margin: 0px; list-style-type: disc; line-height: 2; text-align: justify;\">dental care<\/li><li style=\"box-sizing: inherit; padding: 0px; margin: 0px; list-style-type: disc; line-height: 2; text-align: justify;\">medicines and medical devices<\/li><li style=\"box-sizing: inherit; padding: 0px; margin: 0px; list-style-type: disc; line-height: 2; text-align: justify;\">treatment of covid-19, PCR test<\/li><li style=\"box-sizing: inherit; padding: 0px; margin: 0px; list-style-type: disc; line-height: 2; text-align: justify;\">gynaecological and prenatal care with the Novorozenec (newborn) tariff<\/li><\/ul><div><h3 style=\"box-sizing: inherit; margin-bottom: 10px; font-style: normal; line-height: 1.2; font-family: Ubuntu, sans-serif; text-align: center;\">Health insurance for foreigners Exclusive<\/h3><ul style=\"box-sizing: inherit; margin-bottom: 28px; margin-left: 18px; padding-top: 20px; padding-right: 0px; padding-bottom: 0px; list-style-position: outside; list-style-type: none; text-align: start; line-height: 1; font-family: Ubuntu, sans-serif;\"><li style=\"box-sizing: inherit; padding: 0px; margin: 0px; list-style-type: disc; line-height: 2; text-align: justify;\">all health care without limitations<\/li><\/ul><p style=\"box-sizing: inherit; margin-bottom: 28px; font-size: 16px; font-style: normal; font-weight: 400; text-align: start; font-family: Ubuntu, sans-serif;\">Health insurance Exclusive is suitable for ex-pats living in the Czech Republic for a long time, who expect the highest standard of medical and assistance service. Premium insurance with an optional indemnity limit (1.8 million CZK or 3.0 million CZK per insured event) completely identical to the scope of Czech public health insurance.\u00a0<\/p><\/div><\/div><\/div><div><strong style=\"color: var( --e-global-color-text ); font-family: var( --e-global-typography-text-font-family ), Open Sans;\"><span style=\"font-family: Open Sans REgular, Arial, sans-serif;\">\u00a0\u00a0<\/span><\/strong><\/div><div><span style=\"font-family: Open Sans REgular, Arial, sans-serif;\">\u00a0\u00a0<\/span><\/div><\/div>\t\t\t\t\t\t<\/div>\n\t\t\t\t<\/div>\n\t\t\t\t\t<\/div>\n\t\t<\/div>\n\t\t\t\t\t\t\t<\/div>\n\t\t<\/section>\n\t\t\t\t<section class=\"elementor-section elementor-top-section elementor-element elementor-element-2b9fc5c elementor-section-boxed elementor-section-height-default elementor-section-height-default\" data-id=\"2b9fc5c\" data-element_type=\"section\" data-settings=\"{&quot;background_background&quot;:&quot;gradient&quot;}\">\n\t\t\t\t\t\t<div class=\"elementor-container elementor-column-gap-default\">\n\t\t\t\t\t<div class=\"elementor-column elementor-col-33 elementor-top-column elementor-element elementor-element-d7d1c83\" data-id=\"d7d1c83\" data-element_type=\"column\">\n\t\t\t<div class=\"elementor-widget-wrap elementor-element-populated\">\n\t\t\t\t\t\t\t\t<div class=\"elementor-element elementor-element-44711b7 elementor-widget elementor-widget-image\" data-id=\"44711b7\" data-element_type=\"widget\" data-widget_type=\"image.default\">\n\t\t\t\t<div class=\"elementor-widget-container\">\n\t\t\t\t\t\t\t\t\t\t\t\t\t\t\t<img decoding=\"async\" loading=\"lazy\" width=\"150\" height=\"150\" src=\"https:\/\/akadvisors.cz\/wp-content\/uploads\/2022\/02\/communicate-150x150.png\" class=\"attachment-thumbnail size-thumbnail wp-image-1707\" alt=\"\" srcset=\"https:\/\/akadvisors.cz\/wp-content\/uploads\/2022\/02\/communicate-150x150.png 150w, https:\/\/akadvisors.cz\/wp-content\/uploads\/2022\/02\/communicate-300x300.png 300w, https:\/\/akadvisors.cz\/wp-content\/uploads\/2022\/02\/communicate.png 512w\" sizes=\"(max-width: 150px) 100vw, 150px\" \/>\t\t\t\t\t\t\t\t\t\t\t\t\t\t\t<\/div>\n\t\t\t\t<\/div>\n\t\t\t\t\t<\/div>\n\t\t<\/div>\n\t\t\t\t<div class=\"elementor-column elementor-col-66 elementor-top-column elementor-element elementor-element-0152e92\" data-id=\"0152e92\" data-element_type=\"column\">\n\t\t\t<div class=\"elementor-widget-wrap elementor-element-populated\">\n\t\t\t\t\t\t\t\t<div class=\"elementor-element elementor-element-ac56a7d elementor-widget elementor-widget-heading\" data-id=\"ac56a7d\" data-element_type=\"widget\" data-widget_type=\"heading.default\">\n\t\t\t\t<div class=\"elementor-widget-container\">\n\t\t\t<h2 class=\"elementor-heading-title elementor-size-large\">Get your health insurance with us!<\/h2>\t\t<\/div>\n\t\t\t\t<\/div>\n\t\t\t\t<div class=\"elementor-element elementor-element-633e1f9 elementor-button-align-end elementor-widget elementor-widget-form\" data-id=\"633e1f9\" data-element_type=\"widget\" data-settings=\"{&quot;step_next_label&quot;:&quot;Next&quot;,&quot;step_previous_label&quot;:&quot;Previous&quot;,&quot;step_type&quot;:&quot;number_text&quot;,&quot;step_icon_shape&quot;:&quot;circle&quot;}\" data-widget_type=\"form.default\">\n\t\t\t\t<div class=\"elementor-widget-container\">\n\t\t\t\t\t<form class=\"elementor-form\" method=\"post\" name=\"Contact Form\" action=\"\">\n\t\t\t<input type=\"hidden\" name=\"post_id\" value=\"2181\"\/>\n\t\t\t<input type=\"hidden\" name=\"form_id\" value=\"633e1f9\"\/>\n\t\t\t<input type=\"hidden\" name=\"referer_title\" value=\"AK advisors\" \/>\n\n\t\t\t\n\t\t\t<div class=\"elementor-form-fields-wrapper elementor-labels-\">\n\t\t\t\t\t\t\t\t<div class=\"elementor-field-type-text elementor-field-group elementor-column elementor-field-group-name elementor-col-100\">\n\t\t\t\t\t\t\t\t\t\t\t\t<label for=\"form-field-name\" class=\"elementor-field-label elementor-screen-only\">\n\t\t\t\t\t\t\t\tT\u00ean\t\t\t\t\t\t\t<\/label>\n\t\t\t\t\t\t\t\t\t\t\t\t\t\t<input size=\"1\" type=\"text\" name=\"form_fields[name]\" id=\"form-field-name\" class=\"elementor-field elementor-size-sm  elementor-field-textual\" placeholder=\"T\u00ean\">\n\t\t\t\t\t\t\t\t\t\t\t<\/div>\n\t\t\t\t\t\t\t\t<div class=\"elementor-field-type-email elementor-field-group elementor-column elementor-field-group-email elementor-col-100 elementor-field-required\">\n\t\t\t\t\t\t\t\t\t\t\t\t<label for=\"form-field-email\" class=\"elementor-field-label elementor-screen-only\">\n\t\t\t\t\t\t\t\tEmail\t\t\t\t\t\t\t<\/label>\n\t\t\t\t\t\t\t\t\t\t\t\t\t\t<input size=\"1\" type=\"email\" name=\"form_fields[email]\" id=\"form-field-email\" class=\"elementor-field elementor-size-sm  elementor-field-textual\" placeholder=\"Email\" required=\"required\" aria-required=\"true\">\n\t\t\t\t\t\t\t\t\t\t\t<\/div>\n\t\t\t\t\t\t\t\t<div class=\"elementor-field-type-textarea elementor-field-group elementor-column elementor-field-group-message elementor-col-100\">\n\t\t\t\t\t\t\t\t\t\t\t\t<label for=\"form-field-message\" class=\"elementor-field-label elementor-screen-only\">\n\t\t\t\t\t\t\t\tTin nh\u1eafn\t\t\t\t\t\t\t<\/label>\n\t\t\t\t\t\t<textarea class=\"elementor-field-textual elementor-field  elementor-size-sm\" name=\"form_fields[message]\" id=\"form-field-message\" rows=\"4\" placeholder=\"Tin nh\u1eafn\"><\/textarea>\t\t\t\t<\/div>\n\t\t\t\t\t\t\t\t<div class=\"elementor-field-group elementor-column elementor-field-type-submit elementor-col-100 e-form__buttons\">\n\t\t\t\t\t<button type=\"submit\" class=\"elementor-button elementor-size-md\">\n\t\t\t\t\t\t<span >\n\t\t\t\t\t\t\t\t\t\t\t\t\t\t\t<span class=\"elementor-button-icon\">\n\t\t\t\t\t\t\t\t\t\t\t\t\t\t\t\t\t\t\t\t\t\t\t\t\t\t<\/span>\n\t\t\t\t\t\t\t\t\t\t\t\t\t\t\t\t\t\t\t\t\t\t<span class=\"elementor-button-text\">G\u1eedi<\/span>\n\t\t\t\t\t\t\t\t\t\t\t\t\t<\/span>\n\t\t\t\t\t<\/button>\n\t\t\t\t<\/div>\n\t\t\t<\/div>\n\t\t<input type=\"hidden\" name=\"trp-form-language\" value=\"vi\"\/><\/form>\n\t\t\t\t<\/div>\n\t\t\t\t<\/div>\n\t\t\t\t\t<\/div>\n\t\t<\/div>\n\t\t\t\t\t\t\t<\/div>\n\t\t<\/section>\n\t\t\t\t\t\t\t<\/div>","protected":false},"excerpt":{"rendered":"<p>Do you need to get health insurance as an ex-pat in the Czech Republic?\u00a0 Czech law requires anyone staying in the country to have health insurance, but not everyone qualifies to receive coverage from the state. From August 2021, foreigners with long-term residence are required to buy a health insurance\u00a0contract with the commercial branch of [&hellip;]<\/p>","protected":false},"author":1,"featured_media":0,"parent":0,"menu_order":0,"comment_status":"closed","ping_status":"closed","template":"elementor_theme","meta":{"footnotes":""},"yoast_head":"<!-- This site is optimized with the Yoast SEO plugin v21.5 - https:\/\/yoast.com\/wordpress\/plugins\/seo\/ -->\n<title>Health insurance - AK advisors<\/title>\n<meta name=\"robots\" content=\"index, follow, max-snippet:-1, max-image-preview:large, max-video-preview:-1\" \/>\n<link rel=\"canonical\" href=\"https:\/\/akadvisors.cz\/vi\/healthinsurance\/\" \/>\n<meta property=\"og:locale\" content=\"vi_VN\" \/>\n<meta property=\"og:type\" content=\"article\" \/>\n<meta property=\"og:title\" content=\"Health insurance - AK advisors\" \/>\n<meta property=\"og:description\" content=\"Do you need to get health insurance as an ex-pat in the Czech Republic?\u00a0 Czech law requires anyone staying in the country to have health insurance, but not everyone qualifies to receive coverage from the state. From August 2021, foreigners with long-term residence are required to buy a health insurance\u00a0contract with the commercial branch of [&hellip;]\" \/>\n<meta property=\"og:url\" content=\"https:\/\/akadvisors.cz\/vi\/healthinsurance\/\" \/>\n<meta property=\"og:site_name\" content=\"AK advisors\" \/>\n<meta property=\"article:modified_time\" content=\"2022-06-26T13:20:09+00:00\" \/>\n<meta property=\"og:image\" content=\"https:\/\/akadvisors.cz\/wp-content\/uploads\/2022\/02\/communicate-150x150.png\" \/>\n<meta name=\"twitter:card\" content=\"summary_large_image\" \/>\n<meta name=\"twitter:label1\" content=\"\u01af\u1edbc t\u00ednh th\u1eddi gian \u0111\u1ecdc\" \/>\n\t<meta name=\"twitter:data1\" content=\"3 ph\u00fat\" \/>\n<script type=\"application\/ld+json\" class=\"yoast-schema-graph\">{\"@context\":\"https:\/\/schema.org\",\"@graph\":[{\"@type\":\"WebPage\",\"@id\":\"https:\/\/akadvisors.cz\/healthinsurance\/\",\"url\":\"https:\/\/akadvisors.cz\/healthinsurance\/\",\"name\":\"Health insurance - AK advisors\",\"isPartOf\":{\"@id\":\"https:\/\/akadvisors.cz\/#website\"},\"datePublished\":\"2022-06-26T12:36:58+00:00\",\"dateModified\":\"2022-06-26T13:20:09+00:00\",\"breadcrumb\":{\"@id\":\"https:\/\/akadvisors.cz\/healthinsurance\/#breadcrumb\"},\"inLanguage\":\"vi\",\"potentialAction\":[{\"@type\":\"ReadAction\",\"target\":[\"https:\/\/akadvisors.cz\/healthinsurance\/\"]}]},{\"@type\":\"BreadcrumbList\",\"@id\":\"https:\/\/akadvisors.cz\/healthinsurance\/#breadcrumb\",\"itemListElement\":[{\"@type\":\"ListItem\",\"position\":1,\"name\":\"Dom\u016f\",\"item\":\"https:\/\/akadvisors.cz\/\"},{\"@type\":\"ListItem\",\"position\":2,\"name\":\"Health insurance\"}]},{\"@type\":\"WebSite\",\"@id\":\"https:\/\/akadvisors.cz\/#website\",\"url\":\"https:\/\/akadvisors.cz\/\",\"name\":\"AK advisors\",\"description\":\"WordPress Template Site for Starting Your Online Presence for All Kind of Websites\",\"publisher\":{\"@id\":\"https:\/\/akadvisors.cz\/#organization\"},\"potentialAction\":[{\"@type\":\"SearchAction\",\"target\":{\"@type\":\"EntryPoint\",\"urlTemplate\":\"https:\/\/akadvisors.cz\/?s={search_term_string}\"},\"query-input\":\"required name=search_term_string\"}],\"inLanguage\":\"vi\"},{\"@type\":\"Organization\",\"@id\":\"https:\/\/akadvisors.cz\/#organization\",\"name\":\"AK advisors\",\"url\":\"https:\/\/akadvisors.cz\/\",\"logo\":{\"@type\":\"ImageObject\",\"inLanguage\":\"vi\",\"@id\":\"https:\/\/akadvisors.cz\/#\/schema\/logo\/image\/\",\"url\":\"https:\/\/akadvisors.cz\/wp-content\/uploads\/2021\/12\/logo-black-e1638567761306.png\",\"contentUrl\":\"https:\/\/akadvisors.cz\/wp-content\/uploads\/2021\/12\/logo-black-e1638567761306.png\",\"width\":172,\"height\":39,\"caption\":\"AK advisors\"},\"image\":{\"@id\":\"https:\/\/akadvisors.cz\/#\/schema\/logo\/image\/\"}}]}<\/script>\n<!-- \/ Yoast SEO plugin. -->","yoast_head_json":{"title":"Health insurance - AK advisors","robots":{"index":"index","follow":"follow","max-snippet":"max-snippet:-1","max-image-preview":"max-image-preview:large","max-video-preview":"max-video-preview:-1"},"canonical":"https:\/\/akadvisors.cz\/vi\/healthinsurance\/","og_locale":"vi_VN","og_type":"article","og_title":"Health insurance - AK advisors","og_description":"Do you need to get health insurance as an ex-pat in the Czech Republic?\u00a0 Czech law requires anyone staying in the country to have health insurance, but not everyone qualifies to receive coverage from the state. From August 2021, foreigners with long-term residence are required to buy a health insurance\u00a0contract with the commercial branch of [&hellip;]","og_url":"https:\/\/akadvisors.cz\/vi\/healthinsurance\/","og_site_name":"AK advisors","article_modified_time":"2022-06-26T13:20:09+00:00","og_image":[{"url":"https:\/\/akadvisors.cz\/wp-content\/uploads\/2022\/02\/communicate-150x150.png"}],"twitter_card":"summary_large_image","twitter_misc":{"\u01af\u1edbc t\u00ednh th\u1eddi gian \u0111\u1ecdc":"3 ph\u00fat"},"schema":{"@context":"https:\/\/schema.org","@graph":[{"@type":"WebPage","@id":"https:\/\/akadvisors.cz\/healthinsurance\/","url":"https:\/\/akadvisors.cz\/healthinsurance\/","name":"Health insurance - AK advisors","isPartOf":{"@id":"https:\/\/akadvisors.cz\/#website"},"datePublished":"2022-06-26T12:36:58+00:00","dateModified":"2022-06-26T13:20:09+00:00","breadcrumb":{"@id":"https:\/\/akadvisors.cz\/healthinsurance\/#breadcrumb"},"inLanguage":"vi","potentialAction":[{"@type":"ReadAction","target":["https:\/\/akadvisors.cz\/healthinsurance\/"]}]},{"@type":"BreadcrumbList","@id":"https:\/\/akadvisors.cz\/healthinsurance\/#breadcrumb","itemListElement":[{"@type":"ListItem","position":1,"name":"Dom\u016f","item":"https:\/\/akadvisors.cz\/"},{"@type":"ListItem","position":2,"name":"Health insurance"}]},{"@type":"WebSite","@id":"https:\/\/akadvisors.cz\/#website","url":"https:\/\/akadvisors.cz\/","name":"AK advisors","description":"WordPress Template Site for Starting Your Online Presence for All Kind of Websites","publisher":{"@id":"https:\/\/akadvisors.cz\/#organization"},"potentialAction":[{"@type":"SearchAction","target":{"@type":"EntryPoint","urlTemplate":"https:\/\/akadvisors.cz\/?s={search_term_string}"},"query-input":"required name=search_term_string"}],"inLanguage":"vi"},{"@type":"Organization","@id":"https:\/\/akadvisors.cz\/#organization","name":"AK advisors","url":"https:\/\/akadvisors.cz\/","logo":{"@type":"ImageObject","inLanguage":"vi","@id":"https:\/\/akadvisors.cz\/#\/schema\/logo\/image\/","url":"https:\/\/akadvisors.cz\/wp-content\/uploads\/2021\/12\/logo-black-e1638567761306.png","contentUrl":"https:\/\/akadvisors.cz\/wp-content\/uploads\/2021\/12\/logo-black-e1638567761306.png","width":172,"height":39,"caption":"AK advisors"},"image":{"@id":"https:\/\/akadvisors.cz\/#\/schema\/logo\/image\/"}}]}},"_links":{"self":[{"href":"https:\/\/akadvisors.cz\/vi\/wp-json\/wp\/v2\/pages\/2181"}],"collection":[{"href":"https:\/\/akadvisors.cz\/vi\/wp-json\/wp\/v2\/pages"}],"about":[{"href":"https:\/\/akadvisors.cz\/vi\/wp-json\/wp\/v2\/types\/page"}],"author":[{"embeddable":true,"href":"https:\/\/akadvisors.cz\/vi\/wp-json\/wp\/v2\/users\/1"}],"replies":[{"embeddable":true,"href":"https:\/\/akadvisors.cz\/vi\/wp-json\/wp\/v2\/comments?post=2181"}],"version-history":[{"count":67,"href":"https:\/\/akadvisors.cz\/vi\/wp-json\/wp\/v2\/pages\/2181\/revisions"}],"predecessor-version":[{"id":2273,"href":"https:\/\/akadvisors.cz\/vi\/wp-json\/wp\/v2\/pages\/2181\/revisions\/2273"}],"wp:attachment":[{"href":"https:\/\/akadvisors.cz\/vi\/wp-json\/wp\/v2\/media?parent=2181"}],"curies":[{"name":"wp","href":"https:\/\/api.w.org\/{rel}","templated":true}]}}